{"id":1750,"date":"2018-04-13T13:20:41","date_gmt":"2018-04-13T13:20:41","guid":{"rendered":"https:\/\/www.van-wyk.com\/anbieter-lektorat-basel\/"},"modified":"2018-07-11T06:28:04","modified_gmt":"2018-07-11T06:28:04","slug":"proofreading","status":"publish","type":"page","link":"https:\/\/van-wyk.com\/en\/proofreading\/","title":{"rendered":"Proofreading"},"content":{"rendered":"<p>If you have to deliver a presentation, or write a business letter, an important email, an offer to a customer, or anything along these lines in a <a title=\"learning foreign language in basel\" href=\"https:\/\/van-wyk.com\/en\/faq_sprachschule\/learning-foreign-languages-why-with-us\/\">foreign language<\/a>, you will feel more self-confident if a native speaker goes through your writing. This ensures it leaves a professional impression and is written without any mistakes.<\/p>\n","protected":false},"excerpt":{"rendered":"<p>If you have to deliver a presentation, or write a business letter, an important email, an offer to a customer, or anything along these lines in a foreign language, you will feel more self-confident if a native speaker goes through your writing. This ensures it leaves a professional impression and is written without any mistakes.<\/p>\n","protected":false},"author":1,"featured_media":735,"parent":0,"menu_order":9,"comment_status":"closed","ping_status":"closed","template":"page-full-width-cda-top.php","meta":{"_acf_changed":false,"inline_featured_image":false,"footnotes":""},"class_list":["post-1750","page","type-page","status-publish","has-post-thumbnail","hentry"],"acf":[],"yoast_head":"<!-- This site is optimized with the Yoast SEO plugin v24.3 - https:\/\/yoast.com\/wordpress\/plugins\/seo\/ -->\n<title>Lektorat Anbieter Basel und Z\u00fcrich<\/title>\n<meta name=\"description\" content=\"You have to deliver a presentation, write a business letter, an important email, an offer to a customer in English? We help with translations and proofreading. Your proofreading provider Basel and Zurich! \u260e +41 79 748 96 21\" \/>\n<meta name=\"robots\" content=\"index, follow, max-snippet:-1, max-image-preview:large, max-video-preview:-1\" \/>\n<link rel=\"canonical\" href=\"https:\/\/van-wyk.com\/en\/proofreading\/\" \/>\n<meta property=\"og:locale\" content=\"en_US\" \/>\n<meta property=\"og:type\" content=\"article\" \/>\n<meta property=\"og:title\" content=\"Lektorat Anbieter Basel und Z\u00fcrich\" \/>\n<meta property=\"og:description\" content=\"Sie m\u00fcssen eine Pr\u00e4sentation, Gesch\u00e4ftsbrief, eine wichtige E-Mail, ein Angebot in englischer Sprache aufsetzen? Wir helfen bei der \u00dcbersetzung und dem Lektorat. Als Lektorat Anbieter Basel und Z\u00fcrich sind Sie bei uns richtig! \u260e +41 79 748 96 21\" \/>\n<meta property=\"og:url\" content=\"https:\/\/van-wyk.com\/en\/proofreading\/\" \/>\n<meta property=\"og:site_name\" content=\"Language school Basel\" \/>\n<meta property=\"article:modified_time\" content=\"2018-07-11T06:28:04+00:00\" \/>\n<meta name=\"twitter:card\" content=\"summary_large_image\" \/>\n<meta name=\"twitter:title\" content=\"Lektorat Anbieter Basel und Z\u00fcrich\" \/>\n<meta name=\"twitter:description\" content=\"Sie m\u00fcssen eine Pr\u00e4sentation, Gesch\u00e4ftsbrief, eine wichtige E-Mail, ein Angebot in englischer Sprache aufsetzen? Wir helfen bei der \u00dcbersetzung und dem Lektorat. Als Lektorat Anbieter Basel und Z\u00fcrich sind Sie bei uns richtig! \u260e +41 79 748 96 21\" \/>\n<meta name=\"twitter:image\" content=\"https:\/\/sprachenschule-basel.ch\/wp-content\/uploads\/2018\/05\/tw-sprachkurse-basel.jpg\" \/>\n<script type=\"application\/ld+json\" class=\"yoast-schema-graph\">{\"@context\":\"https:\/\/schema.org\",\"@graph\":[{\"@type\":\"WebPage\",\"@id\":\"https:\/\/van-wyk.com\/en\/proofreading\/\",\"url\":\"https:\/\/van-wyk.com\/en\/proofreading\/\",\"name\":\"Lektorat Anbieter Basel und Z\u00fcrich\",\"isPartOf\":{\"@id\":\"https:\/\/van-wyk.com\/#website\"},\"primaryImageOfPage\":{\"@id\":\"https:\/\/van-wyk.com\/en\/proofreading\/#primaryimage\"},\"image\":{\"@id\":\"https:\/\/van-wyk.com\/en\/proofreading\/#primaryimage\"},\"thumbnailUrl\":\"https:\/\/van-wyk.com\/wp-content\/uploads\/2018\/04\/anbieter-lektorat-basel.jpg\",\"datePublished\":\"2018-04-13T13:20:41+00:00\",\"dateModified\":\"2018-07-11T06:28:04+00:00\",\"description\":\"You have to deliver a presentation, write a business letter, an important email, an offer to a customer in English? We help with translations and proofreading. Your proofreading provider Basel and Zurich! \u260e +41 79 748 96 21\",\"breadcrumb\":{\"@id\":\"https:\/\/van-wyk.com\/en\/proofreading\/#breadcrumb\"},\"inLanguage\":\"en-US\",\"potentialAction\":[{\"@type\":\"ReadAction\",\"target\":[\"https:\/\/van-wyk.com\/en\/proofreading\/\"]}]},{\"@type\":\"ImageObject\",\"inLanguage\":\"en-US\",\"@id\":\"https:\/\/van-wyk.com\/en\/proofreading\/#primaryimage\",\"url\":\"https:\/\/van-wyk.com\/wp-content\/uploads\/2018\/04\/anbieter-lektorat-basel.jpg\",\"contentUrl\":\"https:\/\/van-wyk.com\/wp-content\/uploads\/2018\/04\/anbieter-lektorat-basel.jpg\",\"width\":1170,\"height\":400,\"caption\":\"anbieter lektorat basel\"},{\"@type\":\"BreadcrumbList\",\"@id\":\"https:\/\/van-wyk.com\/en\/proofreading\/#breadcrumb\",\"itemListElement\":[{\"@type\":\"ListItem\",\"position\":1,\"name\":\"Sprachschule Basel\",\"item\":\"https:\/\/van-wyk.com\/en\/\"},{\"@type\":\"ListItem\",\"position\":2,\"name\":\"Lektorat Anbieter Basel\"}]},{\"@type\":\"WebSite\",\"@id\":\"https:\/\/van-wyk.com\/#website\",\"url\":\"https:\/\/van-wyk.com\/\",\"name\":\"Sprachschule Basel\",\"description\":\"Sprachkurse f\u00fcr Firmen und Privatpersonen\",\"publisher\":{\"@id\":\"https:\/\/van-wyk.com\/#organization\"},\"potentialAction\":[{\"@type\":\"SearchAction\",\"target\":{\"@type\":\"EntryPoint\",\"urlTemplate\":\"https:\/\/van-wyk.com\/?s={search_term_string}\"},\"query-input\":{\"@type\":\"PropertyValueSpecification\",\"valueRequired\":true,\"valueName\":\"search_term_string\"}}],\"inLanguage\":\"en-US\"},{\"@type\":\"Organization\",\"@id\":\"https:\/\/van-wyk.com\/#organization\",\"name\":\"Minnaar van Wyk Personalized Language Services\",\"url\":\"https:\/\/van-wyk.com\/\",\"logo\":{\"@type\":\"ImageObject\",\"inLanguage\":\"en-US\",\"@id\":\"https:\/\/van-wyk.com\/#\/schema\/logo\/image\/\",\"url\":\"https:\/\/van-wyk.com\/wp-content\/uploads\/2018\/05\/sprachschule-basel-van.wyk_.png\",\"contentUrl\":\"https:\/\/van-wyk.com\/wp-content\/uploads\/2018\/05\/sprachschule-basel-van.wyk_.png\",\"width\":175,\"height\":60,\"caption\":\"Minnaar van Wyk Personalized Language Services\"},\"image\":{\"@id\":\"https:\/\/van-wyk.com\/#\/schema\/logo\/image\/\"},\"sameAs\":[\"https:\/\/ch.linkedin.com\/in\/minnaarvanwyk\"]}]}<\/script>\n<!-- \/ Yoast SEO plugin. -->","yoast_head_json":{"title":"Lektorat Anbieter Basel und Z\u00fcrich","description":"You have to deliver a presentation, write a business letter, an important email, an offer to a customer in English? We help with translations and proofreading. Your proofreading provider Basel and Zurich! \u260e +41 79 748 96 21","robots":{"index":"index","follow":"follow","max-snippet":"max-snippet:-1","max-image-preview":"max-image-preview:large","max-video-preview":"max-video-preview:-1"},"canonical":"https:\/\/van-wyk.com\/en\/proofreading\/","og_locale":"en_US","og_type":"article","og_title":"Lektorat Anbieter Basel und Z\u00fcrich","og_description":"Sie m\u00fcssen eine Pr\u00e4sentation, Gesch\u00e4ftsbrief, eine wichtige E-Mail, ein Angebot in englischer Sprache aufsetzen? Wir helfen bei der \u00dcbersetzung und dem Lektorat. Als Lektorat Anbieter Basel und Z\u00fcrich sind Sie bei uns richtig! \u260e +41 79 748 96 21","og_url":"https:\/\/van-wyk.com\/en\/proofreading\/","og_site_name":"Language school Basel","article_modified_time":"2018-07-11T06:28:04+00:00","twitter_card":"summary_large_image","twitter_title":"Lektorat Anbieter Basel und Z\u00fcrich","twitter_description":"Sie m\u00fcssen eine Pr\u00e4sentation, Gesch\u00e4ftsbrief, eine wichtige E-Mail, ein Angebot in englischer Sprache aufsetzen? Wir helfen bei der \u00dcbersetzung und dem Lektorat. Als Lektorat Anbieter Basel und Z\u00fcrich sind Sie bei uns richtig! \u260e +41 79 748 96 21","twitter_image":"https:\/\/sprachenschule-basel.ch\/wp-content\/uploads\/2018\/05\/tw-sprachkurse-basel.jpg","schema":{"@context":"https:\/\/schema.org","@graph":[{"@type":"WebPage","@id":"https:\/\/van-wyk.com\/en\/proofreading\/","url":"https:\/\/van-wyk.com\/en\/proofreading\/","name":"Lektorat Anbieter Basel und Z\u00fcrich","isPartOf":{"@id":"https:\/\/van-wyk.com\/#website"},"primaryImageOfPage":{"@id":"https:\/\/van-wyk.com\/en\/proofreading\/#primaryimage"},"image":{"@id":"https:\/\/van-wyk.com\/en\/proofreading\/#primaryimage"},"thumbnailUrl":"https:\/\/van-wyk.com\/wp-content\/uploads\/2018\/04\/anbieter-lektorat-basel.jpg","datePublished":"2018-04-13T13:20:41+00:00","dateModified":"2018-07-11T06:28:04+00:00","description":"You have to deliver a presentation, write a business letter, an important email, an offer to a customer in English? We help with translations and proofreading. Your proofreading provider Basel and Zurich! \u260e +41 79 748 96 21","breadcrumb":{"@id":"https:\/\/van-wyk.com\/en\/proofreading\/#breadcrumb"},"inLanguage":"en-US","potentialAction":[{"@type":"ReadAction","target":["https:\/\/van-wyk.com\/en\/proofreading\/"]}]},{"@type":"ImageObject","inLanguage":"en-US","@id":"https:\/\/van-wyk.com\/en\/proofreading\/#primaryimage","url":"https:\/\/van-wyk.com\/wp-content\/uploads\/2018\/04\/anbieter-lektorat-basel.jpg","contentUrl":"https:\/\/van-wyk.com\/wp-content\/uploads\/2018\/04\/anbieter-lektorat-basel.jpg","width":1170,"height":400,"caption":"anbieter lektorat basel"},{"@type":"BreadcrumbList","@id":"https:\/\/van-wyk.com\/en\/proofreading\/#breadcrumb","itemListElement":[{"@type":"ListItem","position":1,"name":"Sprachschule Basel","item":"https:\/\/van-wyk.com\/en\/"},{"@type":"ListItem","position":2,"name":"Lektorat Anbieter Basel"}]},{"@type":"WebSite","@id":"https:\/\/van-wyk.com\/#website","url":"https:\/\/van-wyk.com\/","name":"Sprachschule Basel","description":"Sprachkurse f\u00fcr Firmen und Privatpersonen","publisher":{"@id":"https:\/\/van-wyk.com\/#organization"},"potentialAction":[{"@type":"SearchAction","target":{"@type":"EntryPoint","urlTemplate":"https:\/\/van-wyk.com\/?s={search_term_string}"},"query-input":{"@type":"PropertyValueSpecification","valueRequired":true,"valueName":"search_term_string"}}],"inLanguage":"en-US"},{"@type":"Organization","@id":"https:\/\/van-wyk.com\/#organization","name":"Minnaar van Wyk Personalized Language Services","url":"https:\/\/van-wyk.com\/","logo":{"@type":"ImageObject","inLanguage":"en-US","@id":"https:\/\/van-wyk.com\/#\/schema\/logo\/image\/","url":"https:\/\/van-wyk.com\/wp-content\/uploads\/2018\/05\/sprachschule-basel-van.wyk_.png","contentUrl":"https:\/\/van-wyk.com\/wp-content\/uploads\/2018\/05\/sprachschule-basel-van.wyk_.png","width":175,"height":60,"caption":"Minnaar van Wyk Personalized Language Services"},"image":{"@id":"https:\/\/van-wyk.com\/#\/schema\/logo\/image\/"},"sameAs":["https:\/\/ch.linkedin.com\/in\/minnaarvanwyk"]}]}},"_links":{"self":[{"href":"https:\/\/van-wyk.com\/en\/wp-json\/wp\/v2\/pages\/1750","targetHints":{"allow":["GET"]}}],"collection":[{"href":"https:\/\/van-wyk.com\/en\/wp-json\/wp\/v2\/pages"}],"about":[{"href":"https:\/\/van-wyk.com\/en\/wp-json\/wp\/v2\/types\/page"}],"author":[{"embeddable":true,"href":"https:\/\/van-wyk.com\/en\/wp-json\/wp\/v2\/users\/1"}],"replies":[{"embeddable":true,"href":"https:\/\/van-wyk.com\/en\/wp-json\/wp\/v2\/comments?post=1750"}],"version-history":[{"count":8,"href":"https:\/\/van-wyk.com\/en\/wp-json\/wp\/v2\/pages\/1750\/revisions"}],"predecessor-version":[{"id":1904,"href":"https:\/\/van-wyk.com\/en\/wp-json\/wp\/v2\/pages\/1750\/revisions\/1904"}],"wp:featuredmedia":[{"embeddable":true,"href":"https:\/\/van-wyk.com\/en\/wp-json\/wp\/v2\/media\/735"}],"wp:attachment":[{"href":"https:\/\/van-wyk.com\/en\/wp-json\/wp\/v2\/media?parent=1750"}],"curies":[{"name":"wp","href":"https:\/\/api.w.org\/{rel}","templated":true}]}}